{"id":880,"date":"2026-02-04T19:26:49","date_gmt":"2026-02-04T19:26:49","guid":{"rendered":"https:\/\/vazdecarvalhowines.com\/site\/?post_type=product&#038;p=880"},"modified":"2026-02-04T19:37:58","modified_gmt":"2026-02-04T19:37:58","slug":"eira-do-bispo-branco","status":"publish","type":"product","link":"https:\/\/vazdecarvalhowines.com\/site\/produto\/eira-do-bispo-branco\/","title":{"rendered":"Eira do Bispo Branco"},"content":{"rendered":"<p><strong>Dados do Produtor \/ Vinho:<\/strong><br \/>\nInseridos num conjunto de propriedades, com cerca de 100ha, a empresa possui 30 ha de vinha, practicamente todos mecanizados e plantados com castas seleccionadas, muito embora numa clara aposta na continuidade da tradi\u00e7\u00e3o mantenha uma consider\u00e1vel \u00e0rea de vinha velha, que sendo de dificil e oneroso granjeio, e muito baixa produ\u00e7\u00e3o, produz vinhos de grande complexidade e eleg\u00e2ncia.<br \/>\nEstando todas as quintas situadas no concelho de Santa Marta de Penagui\u00e3o, distribuidas pelas freguesias de Cumieira, S\u00ba. Jo\u00e3o de Lobrigos, S\u00ba. Miguel de Lobrigos e Cever.<\/p>\n<p><strong>Casta(s): <\/strong>Tradicionais Durienses<\/p>\n<p><strong>Notas de Prova:<\/strong><br \/>\nNa boca apresenta um excelente volume, fresco, elegante e com um final de boca muito prolongado e persistente.<\/p>\n<p><strong>Temperatura de Servi\u00e7o:\u00a0<\/strong>Recomenda-se servir \u00e0 temperatura de 10\u00baC-12\u00baC.<\/p>\n<p><strong>Harmoniza\u00e7\u00e3o gastron\u00f3mica recomendada: <\/strong>Entradas frias e assados<\/p>\n<p><strong>Lote:<\/strong><br \/>\nDeste lote foram produzidas 1000 garrafas. Este vinho foi produzido em\u00a0quantidades limitadas. O n\u00famero inscrito na garrafa confere-lhe\u00a0exclusividade e raridade.<\/p>\n<div class=\"vivino-widget vivino-wine-card-widget\"><a href=\"https:\/\/www.vivino.com\/DE\/pt-PT\/vaz-de-carvalho-wines-rvc-reserva-douro-branco\/w\/1970141?ref=nav-search#all_reviews\" target=\"_blank\" rel=\"noopener noreferrer\">Douro Branco 2020 on Vivino<\/a><\/div>\n<p><em><strong>AN\u00c1LISES:<\/strong><\/em><\/p>\n<tr style=\"border-bottom: 1px solid #000 !inportant\">\n<em><strong>Declara\u00e7\u00e3o Nutricional por 100ml:<\/strong><\/em><\/p>\n<tr style=\"border-bottom: 1px solid #000 !inportant\">\nE=293 KJ\/70 kcal por 100 ml<br \/>\nHidratos de carbono dos quais a\u00e7ucares &#8211; 0,1g<br \/>\nLipidos dos quais saturados &#8211; 0g<br \/>\nProteinas &#8211; 0g<br \/>\nSal &#8211; 0g<br \/>\nAlc. Vol. \u2013 12,5%<\/p>\n<tr style=\"border-bottom: 1px solid #000 !inportant\">\nIngredientes: uvas e antioxidantes (SULFITOS)<\/p>\n","protected":false},"excerpt":{"rendered":"<p><em><strong>Refer\u00eancia:<\/strong><\/em>\u00a0 Branco<br \/>\n<em><strong>Produtor:<\/strong><\/em> Vaz de Carvalho &#8211; Wines<br \/>\n<em><strong>Tipo:<\/strong><\/em> Eira do Bispo Branco<br \/>\n<em><strong>Colheita: <\/strong><\/em>2024<br \/>\n<em><strong>An\u00e1lises:<\/strong><\/em><br \/>\nAlc. Vol. \u2013 12,5%<br \/>\nAcidez Total \u2013 5.4 g\/dm3<br \/>\npH \u2013 3.32<\/p>\n","protected":false},"featured_media":0,"comment_status":"closed","ping_status":"closed","template":"","meta":[],"product_cat":[25],"product_tag":[],"yoast_head":"<!-- This site is optimized with the Yoast SEO plugin v21.5 - https:\/\/yoast.com\/wordpress\/plugins\/seo\/ -->\n<title>Eira do Bispo Branco - Vaz de Carvalho Wines<\/title>\n<meta name=\"robots\" content=\"index, follow, max-snippet:-1, max-image-preview:large, max-video-preview:-1\" \/>\n<link rel=\"canonical\" href=\"https:\/\/vazdecarvalhowines.com\/site\/produto\/eira-do-bispo-branco\/\" \/>\n<meta property=\"og:locale\" content=\"pt_PT\" \/>\n<meta property=\"og:type\" content=\"article\" \/>\n<meta property=\"og:title\" content=\"Eira do Bispo Branco - Vaz de Carvalho Wines\" \/>\n<meta property=\"og:description\" content=\"Refer\u00eancia:\u00a0 Branco Produtor: Vaz de Carvalho - Wines Tipo: Eira do Bispo Branco Colheita: 2024 An\u00e1lises: Alc. Vol. \u2013 12,5% Acidez Total \u2013 5.4 g\/dm3 pH \u2013 3.32\" \/>\n<meta property=\"og:url\" content=\"https:\/\/vazdecarvalhowines.com\/site\/produto\/eira-do-bispo-branco\/\" \/>\n<meta property=\"og:site_name\" content=\"Vaz de Carvalho Wines\" \/>\n<meta property=\"article:modified_time\" content=\"2026-02-04T19:37:58+00:00\" \/>\n<meta name=\"twitter:card\" content=\"summary_large_image\" \/>\n<meta name=\"twitter:label1\" content=\"Tempo estimado de leitura\" \/>\n\t<meta name=\"twitter:data1\" content=\"2 minutos\" \/>\n<script type=\"application\/ld+json\" class=\"yoast-schema-graph\">{\"@context\":\"https:\/\/schema.org\",\"@graph\":[{\"@type\":\"WebPage\",\"@id\":\"https:\/\/vazdecarvalhowines.com\/site\/produto\/eira-do-bispo-branco\/\",\"url\":\"https:\/\/vazdecarvalhowines.com\/site\/produto\/eira-do-bispo-branco\/\",\"name\":\"Eira do Bispo Branco - Vaz de Carvalho Wines\",\"isPartOf\":{\"@id\":\"https:\/\/vazdecarvalhowines.com\/site\/?lang=en\/#website\"},\"datePublished\":\"2026-02-04T19:26:49+00:00\",\"dateModified\":\"2026-02-04T19:37:58+00:00\",\"breadcrumb\":{\"@id\":\"https:\/\/vazdecarvalhowines.com\/site\/produto\/eira-do-bispo-branco\/#breadcrumb\"},\"inLanguage\":\"pt-PT\",\"potentialAction\":[{\"@type\":\"ReadAction\",\"target\":[\"https:\/\/vazdecarvalhowines.com\/site\/produto\/eira-do-bispo-branco\/\"]}]},{\"@type\":\"BreadcrumbList\",\"@id\":\"https:\/\/vazdecarvalhowines.com\/site\/produto\/eira-do-bispo-branco\/#breadcrumb\",\"itemListElement\":[{\"@type\":\"ListItem\",\"position\":1,\"name\":\"In\u00edcio\",\"item\":\"https:\/\/vazdecarvalhowines.com\/site\/\"},{\"@type\":\"ListItem\",\"position\":2,\"name\":\"Os Vinhos\",\"item\":\"https:\/\/vazdecarvalhowines.com\/site\/os-vinhos-loja\/\"},{\"@type\":\"ListItem\",\"position\":3,\"name\":\"Eira do Bispo Branco\"}]},{\"@type\":\"WebSite\",\"@id\":\"https:\/\/vazdecarvalhowines.com\/site\/?lang=en\/#website\",\"url\":\"https:\/\/vazdecarvalhowines.com\/site\/?lang=en\/\",\"name\":\"Vaz de Carvalho Wines\",\"description\":\"\",\"potentialAction\":[{\"@type\":\"SearchAction\",\"target\":{\"@type\":\"EntryPoint\",\"urlTemplate\":\"https:\/\/vazdecarvalhowines.com\/site\/?lang=en\/?s={search_term_string}\"},\"query-input\":\"required name=search_term_string\"}],\"inLanguage\":\"pt-PT\"}]}<\/script>\n<!-- \/ Yoast SEO plugin. -->","yoast_head_json":{"title":"Eira do Bispo Branco - Vaz de Carvalho Wines","robots":{"index":"index","follow":"follow","max-snippet":"max-snippet:-1","max-image-preview":"max-image-preview:large","max-video-preview":"max-video-preview:-1"},"canonical":"https:\/\/vazdecarvalhowines.com\/site\/produto\/eira-do-bispo-branco\/","og_locale":"pt_PT","og_type":"article","og_title":"Eira do Bispo Branco - Vaz de Carvalho Wines","og_description":"Refer\u00eancia:\u00a0 Branco Produtor: Vaz de Carvalho - Wines Tipo: Eira do Bispo Branco Colheita: 2024 An\u00e1lises: Alc. Vol. \u2013 12,5% Acidez Total \u2013 5.4 g\/dm3 pH \u2013 3.32","og_url":"https:\/\/vazdecarvalhowines.com\/site\/produto\/eira-do-bispo-branco\/","og_site_name":"Vaz de Carvalho Wines","article_modified_time":"2026-02-04T19:37:58+00:00","twitter_card":"summary_large_image","twitter_misc":{"Tempo estimado de leitura":"2 minutos"},"schema":{"@context":"https:\/\/schema.org","@graph":[{"@type":"WebPage","@id":"https:\/\/vazdecarvalhowines.com\/site\/produto\/eira-do-bispo-branco\/","url":"https:\/\/vazdecarvalhowines.com\/site\/produto\/eira-do-bispo-branco\/","name":"Eira do Bispo Branco - Vaz de Carvalho Wines","isPartOf":{"@id":"https:\/\/vazdecarvalhowines.com\/site\/?lang=en\/#website"},"datePublished":"2026-02-04T19:26:49+00:00","dateModified":"2026-02-04T19:37:58+00:00","breadcrumb":{"@id":"https:\/\/vazdecarvalhowines.com\/site\/produto\/eira-do-bispo-branco\/#breadcrumb"},"inLanguage":"pt-PT","potentialAction":[{"@type":"ReadAction","target":["https:\/\/vazdecarvalhowines.com\/site\/produto\/eira-do-bispo-branco\/"]}]},{"@type":"BreadcrumbList","@id":"https:\/\/vazdecarvalhowines.com\/site\/produto\/eira-do-bispo-branco\/#breadcrumb","itemListElement":[{"@type":"ListItem","position":1,"name":"In\u00edcio","item":"https:\/\/vazdecarvalhowines.com\/site\/"},{"@type":"ListItem","position":2,"name":"Os Vinhos","item":"https:\/\/vazdecarvalhowines.com\/site\/os-vinhos-loja\/"},{"@type":"ListItem","position":3,"name":"Eira do Bispo Branco"}]},{"@type":"WebSite","@id":"https:\/\/vazdecarvalhowines.com\/site\/?lang=en\/#website","url":"https:\/\/vazdecarvalhowines.com\/site\/?lang=en\/","name":"Vaz de Carvalho Wines","description":"","potentialAction":[{"@type":"SearchAction","target":{"@type":"EntryPoint","urlTemplate":"https:\/\/vazdecarvalhowines.com\/site\/?lang=en\/?s={search_term_string}"},"query-input":"required name=search_term_string"}],"inLanguage":"pt-PT"}]}},"_links":{"self":[{"href":"https:\/\/vazdecarvalhowines.com\/site\/wp-json\/wp\/v2\/product\/880"}],"collection":[{"href":"https:\/\/vazdecarvalhowines.com\/site\/wp-json\/wp\/v2\/product"}],"about":[{"href":"https:\/\/vazdecarvalhowines.com\/site\/wp-json\/wp\/v2\/types\/product"}],"replies":[{"embeddable":true,"href":"https:\/\/vazdecarvalhowines.com\/site\/wp-json\/wp\/v2\/comments?post=880"}],"wp:attachment":[{"href":"https:\/\/vazdecarvalhowines.com\/site\/wp-json\/wp\/v2\/media?parent=880"}],"wp:term":[{"taxonomy":"product_cat","embeddable":true,"href":"https:\/\/vazdecarvalhowines.com\/site\/wp-json\/wp\/v2\/product_cat?post=880"},{"taxonomy":"product_tag","embeddable":true,"href":"https:\/\/vazdecarvalhowines.com\/site\/wp-json\/wp\/v2\/product_tag?post=880"}],"curies":[{"name":"wp","href":"https:\/\/api.w.org\/{rel}","templated":true}]}}