{"id":573,"date":"2018-02-23T16:16:02","date_gmt":"2018-02-23T16:16:02","guid":{"rendered":"http:\/\/vazdecarvalhowines.com\/site\/?post_type=product&#038;p=573"},"modified":"2024-05-28T17:16:02","modified_gmt":"2024-05-28T16:16:02","slug":"vaz-carvalho-douro-tinto-reserva-especial-2015","status":"publish","type":"product","link":"https:\/\/vazdecarvalhowines.com\/site\/produto\/vaz-carvalho-douro-tinto-reserva-especial-2015\/","title":{"rendered":"Vaz de Carvalho Douro Tinto Reserva Especial 2014"},"content":{"rendered":"<p><strong>Dados do Produtor \/ Vinho:<\/strong><br \/>\nInseridos num conjunto de propriedades, com cerca de 100ha, a empresa possui 30 ha de vinha, practicamente todos mecanizados e plantados com castas seleccionadas, muito embora numa clara aposta na continuidade da tradi\u00e7\u00e3o mantenha uma consider\u00e1vel \u00e0rea de vinha velha, que sendo de dificil e oneroso granjeio, e muito baixa produ\u00e7\u00e3o, produz vinhos de grande complexidade e eleg\u00e2ncia.<br \/>\nEstando todas as quintas situadas no concelho de Santa Marta de Penagui\u00e3o, distribuidas pelas freguesias de Cumieira, S\u00ba. Jo\u00e3o de Lobrigos, S\u00ba. Miguel de Lobrigos e Cever.<\/p>\n<p><strong>Casta(s): <\/strong>Tradicionais Durienses.<\/p>\n<p><strong>Envelhecimento: <\/strong>24\u00a0meses em barricas de Carvalho Franc\u00eas.<\/p>\n<p><strong>Notas de Prova:<\/strong><br \/>\nNa boca revela-se elegante, suave, repleto de frutos vermelhos e especiarias real\u00e7ados por uma excelente frescura, produzindo um agrad\u00e1vel e intermin\u00e1vel final de boca.<\/p>\n<p><strong>Temperatura de Servi\u00e7o:<\/strong> Servir com cuidado ou decantado \u00e0 temperatura 18\u00baC sendo vinho natural,\u00a0sujeito a criar dep\u00f3sito.<\/p>\n<p><strong>Harmoniza\u00e7\u00e3o gastron\u00f3mica recomendada: <\/strong>Pratos de ca\u00e7a, grelhados e assados.<\/p>\n<p><strong>Lote:<\/strong><br \/>\nDeste lote foram produzidas 3333 garrafas. Este vinho foi produzido em quantidades limitadas. O n\u00famero inscrito na garrafa confere-lhe exclusividade e raridade.<\/p>\n","protected":false},"excerpt":{"rendered":"<p><em><strong>Refer\u00eancia:<\/strong><\/em> Tinto Reserva Especial<br \/>\n<em><strong>Produtor:<\/strong><\/em> Vaz de Carvalho &#8211; Wines<br \/>\n<em><strong>Tipo:<\/strong><\/em>\u00a0RVC Douro Reserva Especial 2014<br \/>\n<em><strong>Colheita: <\/strong>2014<\/em><br \/>\n<em><strong>An\u00e1lises:<\/strong><\/em><br \/>\nAlc. Vol. \u2013 13,5%<br \/>\nAcidez Total \u2013 4,9 g\/dm3<br \/>\npH \u2013 3,64<br \/>\n<strong>Envelhecimento: <\/strong><br \/>\n24 meses em barricas de Carvalho Franc\u00eas.<\/p>\n","protected":false},"featured_media":587,"comment_status":"closed","ping_status":"closed","template":"","meta":[],"product_cat":[24,35],"product_tag":[],"yoast_head":"<!-- This site is optimized with the Yoast SEO plugin v21.5 - https:\/\/yoast.com\/wordpress\/plugins\/seo\/ -->\n<title>Vaz de Carvalho Douro Tinto Reserva Especial 2014 - Vaz de Carvalho Wines<\/title>\n<meta name=\"robots\" content=\"index, follow, max-snippet:-1, max-image-preview:large, max-video-preview:-1\" \/>\n<link rel=\"canonical\" href=\"https:\/\/vazdecarvalhowines.com\/site\/produto\/vaz-carvalho-douro-tinto-reserva-especial-2015\/\" \/>\n<meta property=\"og:locale\" content=\"pt_PT\" \/>\n<meta property=\"og:type\" content=\"article\" \/>\n<meta property=\"og:title\" content=\"Vaz de Carvalho Douro Tinto Reserva Especial 2014 - Vaz de Carvalho Wines\" \/>\n<meta property=\"og:description\" content=\"Refer\u00eancia: Tinto Reserva Especial Produtor: Vaz de Carvalho - Wines Tipo:\u00a0RVC Douro Reserva Especial 2014 Colheita: 2014 An\u00e1lises: Alc. Vol. \u2013 13,5% Acidez Total \u2013 4,9 g\/dm3 pH \u2013 3,64 Envelhecimento:  24 meses em barricas de Carvalho Franc\u00eas.\" \/>\n<meta property=\"og:url\" content=\"https:\/\/vazdecarvalhowines.com\/site\/produto\/vaz-carvalho-douro-tinto-reserva-especial-2015\/\" \/>\n<meta property=\"og:site_name\" content=\"Vaz de Carvalho Wines\" \/>\n<meta property=\"article:modified_time\" content=\"2024-05-28T16:16:02+00:00\" \/>\n<meta property=\"og:image\" content=\"https:\/\/vazdecarvalhowines.com\/site\/wp-content\/uploads\/2018\/03\/Reserva-Especial-2.jpg\" \/>\n\t<meta property=\"og:image:width\" content=\"506\" \/>\n\t<meta property=\"og:image:height\" content=\"690\" \/>\n\t<meta property=\"og:image:type\" content=\"image\/jpeg\" \/>\n<meta name=\"twitter:card\" content=\"summary_large_image\" \/>\n<meta name=\"twitter:label1\" content=\"Tempo estimado de leitura\" \/>\n\t<meta name=\"twitter:data1\" content=\"1 minuto\" \/>\n<script type=\"application\/ld+json\" class=\"yoast-schema-graph\">{\"@context\":\"https:\/\/schema.org\",\"@graph\":[{\"@type\":\"WebPage\",\"@id\":\"https:\/\/vazdecarvalhowines.com\/site\/produto\/vaz-carvalho-douro-tinto-reserva-especial-2015\/\",\"url\":\"https:\/\/vazdecarvalhowines.com\/site\/produto\/vaz-carvalho-douro-tinto-reserva-especial-2015\/\",\"name\":\"Vaz de Carvalho Douro Tinto Reserva Especial 2014 - Vaz de Carvalho Wines\",\"isPartOf\":{\"@id\":\"https:\/\/vazdecarvalhowines.com\/site\/?lang=en\/#website\"},\"datePublished\":\"2018-02-23T16:16:02+00:00\",\"dateModified\":\"2024-05-28T16:16:02+00:00\",\"breadcrumb\":{\"@id\":\"https:\/\/vazdecarvalhowines.com\/site\/produto\/vaz-carvalho-douro-tinto-reserva-especial-2015\/#breadcrumb\"},\"inLanguage\":\"pt-PT\",\"potentialAction\":[{\"@type\":\"ReadAction\",\"target\":[\"https:\/\/vazdecarvalhowines.com\/site\/produto\/vaz-carvalho-douro-tinto-reserva-especial-2015\/\"]}]},{\"@type\":\"BreadcrumbList\",\"@id\":\"https:\/\/vazdecarvalhowines.com\/site\/produto\/vaz-carvalho-douro-tinto-reserva-especial-2015\/#breadcrumb\",\"itemListElement\":[{\"@type\":\"ListItem\",\"position\":1,\"name\":\"In\u00edcio\",\"item\":\"https:\/\/vazdecarvalhowines.com\/site\/\"},{\"@type\":\"ListItem\",\"position\":2,\"name\":\"Os Vinhos\",\"item\":\"https:\/\/vazdecarvalhowines.com\/site\/os-vinhos-loja\/\"},{\"@type\":\"ListItem\",\"position\":3,\"name\":\"Vaz de Carvalho Douro Tinto Reserva Especial 2014\"}]},{\"@type\":\"WebSite\",\"@id\":\"https:\/\/vazdecarvalhowines.com\/site\/?lang=en\/#website\",\"url\":\"https:\/\/vazdecarvalhowines.com\/site\/?lang=en\/\",\"name\":\"Vaz de Carvalho Wines\",\"description\":\"\",\"potentialAction\":[{\"@type\":\"SearchAction\",\"target\":{\"@type\":\"EntryPoint\",\"urlTemplate\":\"https:\/\/vazdecarvalhowines.com\/site\/?lang=en\/?s={search_term_string}\"},\"query-input\":\"required name=search_term_string\"}],\"inLanguage\":\"pt-PT\"}]}<\/script>\n<!-- \/ Yoast SEO plugin. -->","yoast_head_json":{"title":"Vaz de Carvalho Douro Tinto Reserva Especial 2014 - Vaz de Carvalho Wines","robots":{"index":"index","follow":"follow","max-snippet":"max-snippet:-1","max-image-preview":"max-image-preview:large","max-video-preview":"max-video-preview:-1"},"canonical":"https:\/\/vazdecarvalhowines.com\/site\/produto\/vaz-carvalho-douro-tinto-reserva-especial-2015\/","og_locale":"pt_PT","og_type":"article","og_title":"Vaz de Carvalho Douro Tinto Reserva Especial 2014 - Vaz de Carvalho Wines","og_description":"Refer\u00eancia: Tinto Reserva Especial Produtor: Vaz de Carvalho - Wines Tipo:\u00a0RVC Douro Reserva Especial 2014 Colheita: 2014 An\u00e1lises: Alc. Vol. \u2013 13,5% Acidez Total \u2013 4,9 g\/dm3 pH \u2013 3,64 Envelhecimento:  24 meses em barricas de Carvalho Franc\u00eas.","og_url":"https:\/\/vazdecarvalhowines.com\/site\/produto\/vaz-carvalho-douro-tinto-reserva-especial-2015\/","og_site_name":"Vaz de Carvalho Wines","article_modified_time":"2024-05-28T16:16:02+00:00","og_image":[{"width":506,"height":690,"url":"https:\/\/vazdecarvalhowines.com\/site\/wp-content\/uploads\/2018\/03\/Reserva-Especial-2.jpg","type":"image\/jpeg"}],"twitter_card":"summary_large_image","twitter_misc":{"Tempo estimado de leitura":"1 minuto"},"schema":{"@context":"https:\/\/schema.org","@graph":[{"@type":"WebPage","@id":"https:\/\/vazdecarvalhowines.com\/site\/produto\/vaz-carvalho-douro-tinto-reserva-especial-2015\/","url":"https:\/\/vazdecarvalhowines.com\/site\/produto\/vaz-carvalho-douro-tinto-reserva-especial-2015\/","name":"Vaz de Carvalho Douro Tinto Reserva Especial 2014 - Vaz de Carvalho Wines","isPartOf":{"@id":"https:\/\/vazdecarvalhowines.com\/site\/?lang=en\/#website"},"datePublished":"2018-02-23T16:16:02+00:00","dateModified":"2024-05-28T16:16:02+00:00","breadcrumb":{"@id":"https:\/\/vazdecarvalhowines.com\/site\/produto\/vaz-carvalho-douro-tinto-reserva-especial-2015\/#breadcrumb"},"inLanguage":"pt-PT","potentialAction":[{"@type":"ReadAction","target":["https:\/\/vazdecarvalhowines.com\/site\/produto\/vaz-carvalho-douro-tinto-reserva-especial-2015\/"]}]},{"@type":"BreadcrumbList","@id":"https:\/\/vazdecarvalhowines.com\/site\/produto\/vaz-carvalho-douro-tinto-reserva-especial-2015\/#breadcrumb","itemListElement":[{"@type":"ListItem","position":1,"name":"In\u00edcio","item":"https:\/\/vazdecarvalhowines.com\/site\/"},{"@type":"ListItem","position":2,"name":"Os Vinhos","item":"https:\/\/vazdecarvalhowines.com\/site\/os-vinhos-loja\/"},{"@type":"ListItem","position":3,"name":"Vaz de Carvalho Douro Tinto Reserva Especial 2014"}]},{"@type":"WebSite","@id":"https:\/\/vazdecarvalhowines.com\/site\/?lang=en\/#website","url":"https:\/\/vazdecarvalhowines.com\/site\/?lang=en\/","name":"Vaz de Carvalho Wines","description":"","potentialAction":[{"@type":"SearchAction","target":{"@type":"EntryPoint","urlTemplate":"https:\/\/vazdecarvalhowines.com\/site\/?lang=en\/?s={search_term_string}"},"query-input":"required name=search_term_string"}],"inLanguage":"pt-PT"}]}},"_links":{"self":[{"href":"https:\/\/vazdecarvalhowines.com\/site\/wp-json\/wp\/v2\/product\/573"}],"collection":[{"href":"https:\/\/vazdecarvalhowines.com\/site\/wp-json\/wp\/v2\/product"}],"about":[{"href":"https:\/\/vazdecarvalhowines.com\/site\/wp-json\/wp\/v2\/types\/product"}],"replies":[{"embeddable":true,"href":"https:\/\/vazdecarvalhowines.com\/site\/wp-json\/wp\/v2\/comments?post=573"}],"wp:featuredmedia":[{"embeddable":true,"href":"https:\/\/vazdecarvalhowines.com\/site\/wp-json\/wp\/v2\/media\/587"}],"wp:attachment":[{"href":"https:\/\/vazdecarvalhowines.com\/site\/wp-json\/wp\/v2\/media?parent=573"}],"wp:term":[{"taxonomy":"product_cat","embeddable":true,"href":"https:\/\/vazdecarvalhowines.com\/site\/wp-json\/wp\/v2\/product_cat?post=573"},{"taxonomy":"product_tag","embeddable":true,"href":"https:\/\/vazdecarvalhowines.com\/site\/wp-json\/wp\/v2\/product_tag?post=573"}],"curies":[{"name":"wp","href":"https:\/\/api.w.org\/{rel}","templated":true}]}}