{"id":305,"date":"2018-01-10T18:32:22","date_gmt":"2018-01-10T18:32:22","guid":{"rendered":"http:\/\/vazdecarvalhowines.com\/dev\/?post_type=product&#038;p=305"},"modified":"2026-02-03T19:46:33","modified_gmt":"2026-02-03T19:46:33","slug":"tinto","status":"publish","type":"product","link":"https:\/\/vazdecarvalhowines.com\/site\/produto\/tinto\/","title":{"rendered":"Vaz de Carvalho Douro DOC Tinto 2024 Unoaked"},"content":{"rendered":"<p><strong>Dados do Produtor \/ Vinho:<\/strong><br \/>\nInseridos num conjunto de propriedades, com cerca de 100ha, a empresa possui 30 ha de vinha, practicamente todos mecanizados e plantados com castas seleccionadas, muito embora numa clara aposta na continuidade da tradi\u00e7\u00e3o mantenha uma consider\u00e1vel \u00e0rea de vinha velha, que sendo de dificil e oneroso granjeio, e muito baixa produ\u00e7\u00e3o, produz vinhos de grande complexidade e eleg\u00e2ncia.<br \/>\nEstando todas as quintas situadas no concelho de Santa Marta de Penagui\u00e3o, distribuidas pelas freguesias de Cumieira, S\u00ba. Jo\u00e3o de Lobrigos, S\u00ba. Miguel de Lobrigos e Cever.<\/p>\n<p><strong>Casta(s): <\/strong>Tradicionais Durienses<\/p>\n<p><strong>Notas de Prova:<\/strong><br \/>\nPossuidor de uma bela cor gren\u00e1 e de um aroma complexo e intenso a frutos vermelhos maduros apresenta-se estruturado e elegante, subtil gosto de madeira, tendo um final de boca surpreendentemente longo e persistente.<\/p>\n<p><strong>Temperatura de Servi\u00e7o:\u00a0<\/strong>Servir com cuidado ou decantado \u00e0 temperatura 18\u00baC sendo vinho natural,\u00a0sujeito a criar dep\u00f3sito.<\/p>\n<p><strong>Harmoniza\u00e7\u00e3o gastron\u00f3mica recomendada:\u00a0<\/strong>Pratos de ca\u00e7a, grelhados e assados\u00a0leves.<\/p>\n<p><strong>Lote:<\/strong><br \/>\nDeste lote foram produzidas 4288 garrafas. Este vinho foi produzido em quantidades limitadas. O n\u00famero inscrito na garrafa confere-lhe exclusividade e raridade.<\/p>\n<div class=\"vivino-widget vivino-wine-card-widget\"><a href=\"https:\/\/www.vivino.com\/FR\/pt-PT\/vaz-de-carvalho-wines-rvc-douro\/w\/1589145?ref=nav-search\" target=\"_blank\" rel=\"noopener noreferrer\">Douro Tinto 2022 on Vivino<\/a><\/div>\n<p><em><strong>AN\u00c1LISES:<\/strong><\/em><\/p>\n<tr style=\"border-bottom: 1px solid #000 !inportant\">\n<em><strong>Declara\u00e7\u00e3o Nutricional por 100ml:<\/strong><\/em><\/p>\n<tr style=\"border-bottom: 1px solid #000 !inportant\">\nE=337 KJ\/81 kcal por 100 ml<br \/>\nHidratos de carbono dos quais a\u00e7ucares &#8211; 1,0g<br \/>\nLipidos dos quais saturados &#8211; 0g<br \/>\nProteinas &#8211; 0g<br \/>\nSal &#8211; 0g<br \/>\nAlc. Vol. \u2013 13,5%<\/p>\n<tr style=\"border-bottom: 1px solid #000 !inportant\">\nIngredientes: uvas e antioxidantes (SULFITOS)<\/p>\n","protected":false},"excerpt":{"rendered":"<p><em><strong>Refer\u00eancia:<\/strong><\/em> Tinto<br \/>\n<em><strong>Produtor:<\/strong><\/em> Vaz de Carvalho &#8211; Wines<br \/>\n<em><strong>Tipo:<\/strong><\/em> RVC Douro DOC 2024<br \/>\n<em><strong>Colheita: 2024<\/strong><\/em><br \/>\n<em><strong>An\u00e1lises:<\/strong><\/em><br \/>\nAlc. Vol. \u2013 13,5%<br \/>\nAcidez Total \u2013 5,4 g\/dm3<br \/>\npH \u2013 3,75<\/p>\n","protected":false},"featured_media":306,"comment_status":"closed","ping_status":"closed","template":"","meta":[],"product_cat":[24],"product_tag":[],"yoast_head":"<!-- This site is optimized with the Yoast SEO plugin v21.5 - https:\/\/yoast.com\/wordpress\/plugins\/seo\/ -->\n<title>Vaz de Carvalho Douro DOC Tinto 2024 Unoaked - Vaz de Carvalho Wines<\/title>\n<meta name=\"robots\" content=\"index, follow, max-snippet:-1, max-image-preview:large, max-video-preview:-1\" \/>\n<link rel=\"canonical\" href=\"https:\/\/vazdecarvalhowines.com\/site\/produto\/tinto\/\" \/>\n<meta property=\"og:locale\" content=\"pt_PT\" \/>\n<meta property=\"og:type\" content=\"article\" \/>\n<meta property=\"og:title\" content=\"Vaz de Carvalho Douro DOC Tinto 2024 Unoaked - Vaz de Carvalho Wines\" \/>\n<meta property=\"og:description\" content=\"Refer\u00eancia: Tinto Produtor: Vaz de Carvalho - Wines Tipo: RVC Douro DOC 2024 Colheita: 2024 An\u00e1lises: Alc. Vol. \u2013 13,5% Acidez Total \u2013 5,4 g\/dm3 pH \u2013 3,75\" \/>\n<meta property=\"og:url\" content=\"https:\/\/vazdecarvalhowines.com\/site\/produto\/tinto\/\" \/>\n<meta property=\"og:site_name\" content=\"Vaz de Carvalho Wines\" \/>\n<meta property=\"article:modified_time\" content=\"2026-02-03T19:46:33+00:00\" \/>\n<meta property=\"og:image\" content=\"https:\/\/vazdecarvalhowines.com\/site\/wp-content\/uploads\/2018\/01\/TintoSombra.jpg\" \/>\n\t<meta property=\"og:image:width\" content=\"253\" \/>\n\t<meta property=\"og:image:height\" content=\"345\" \/>\n\t<meta property=\"og:image:type\" content=\"image\/jpeg\" \/>\n<meta name=\"twitter:card\" content=\"summary_large_image\" \/>\n<meta name=\"twitter:label1\" content=\"Tempo estimado de leitura\" \/>\n\t<meta name=\"twitter:data1\" content=\"2 minutos\" \/>\n<script type=\"application\/ld+json\" class=\"yoast-schema-graph\">{\"@context\":\"https:\/\/schema.org\",\"@graph\":[{\"@type\":\"WebPage\",\"@id\":\"https:\/\/vazdecarvalhowines.com\/site\/produto\/tinto\/\",\"url\":\"https:\/\/vazdecarvalhowines.com\/site\/produto\/tinto\/\",\"name\":\"Vaz de Carvalho Douro DOC Tinto 2024 Unoaked - Vaz de Carvalho Wines\",\"isPartOf\":{\"@id\":\"https:\/\/vazdecarvalhowines.com\/site\/?lang=en\/#website\"},\"datePublished\":\"2018-01-10T18:32:22+00:00\",\"dateModified\":\"2026-02-03T19:46:33+00:00\",\"breadcrumb\":{\"@id\":\"https:\/\/vazdecarvalhowines.com\/site\/produto\/tinto\/#breadcrumb\"},\"inLanguage\":\"pt-PT\",\"potentialAction\":[{\"@type\":\"ReadAction\",\"target\":[\"https:\/\/vazdecarvalhowines.com\/site\/produto\/tinto\/\"]}]},{\"@type\":\"BreadcrumbList\",\"@id\":\"https:\/\/vazdecarvalhowines.com\/site\/produto\/tinto\/#breadcrumb\",\"itemListElement\":[{\"@type\":\"ListItem\",\"position\":1,\"name\":\"In\u00edcio\",\"item\":\"https:\/\/vazdecarvalhowines.com\/site\/\"},{\"@type\":\"ListItem\",\"position\":2,\"name\":\"Os Vinhos\",\"item\":\"https:\/\/vazdecarvalhowines.com\/site\/os-vinhos-loja\/\"},{\"@type\":\"ListItem\",\"position\":3,\"name\":\"Vaz de Carvalho Douro DOC Tinto 2024 Unoaked\"}]},{\"@type\":\"WebSite\",\"@id\":\"https:\/\/vazdecarvalhowines.com\/site\/?lang=en\/#website\",\"url\":\"https:\/\/vazdecarvalhowines.com\/site\/?lang=en\/\",\"name\":\"Vaz de Carvalho Wines\",\"description\":\"\",\"potentialAction\":[{\"@type\":\"SearchAction\",\"target\":{\"@type\":\"EntryPoint\",\"urlTemplate\":\"https:\/\/vazdecarvalhowines.com\/site\/?lang=en\/?s={search_term_string}\"},\"query-input\":\"required name=search_term_string\"}],\"inLanguage\":\"pt-PT\"}]}<\/script>\n<!-- \/ Yoast SEO plugin. -->","yoast_head_json":{"title":"Vaz de Carvalho Douro DOC Tinto 2024 Unoaked - Vaz de Carvalho Wines","robots":{"index":"index","follow":"follow","max-snippet":"max-snippet:-1","max-image-preview":"max-image-preview:large","max-video-preview":"max-video-preview:-1"},"canonical":"https:\/\/vazdecarvalhowines.com\/site\/produto\/tinto\/","og_locale":"pt_PT","og_type":"article","og_title":"Vaz de Carvalho Douro DOC Tinto 2024 Unoaked - Vaz de Carvalho Wines","og_description":"Refer\u00eancia: Tinto Produtor: Vaz de Carvalho - Wines Tipo: RVC Douro DOC 2024 Colheita: 2024 An\u00e1lises: Alc. Vol. \u2013 13,5% Acidez Total \u2013 5,4 g\/dm3 pH \u2013 3,75","og_url":"https:\/\/vazdecarvalhowines.com\/site\/produto\/tinto\/","og_site_name":"Vaz de Carvalho Wines","article_modified_time":"2026-02-03T19:46:33+00:00","og_image":[{"width":253,"height":345,"url":"https:\/\/vazdecarvalhowines.com\/site\/wp-content\/uploads\/2018\/01\/TintoSombra.jpg","type":"image\/jpeg"}],"twitter_card":"summary_large_image","twitter_misc":{"Tempo estimado de leitura":"2 minutos"},"schema":{"@context":"https:\/\/schema.org","@graph":[{"@type":"WebPage","@id":"https:\/\/vazdecarvalhowines.com\/site\/produto\/tinto\/","url":"https:\/\/vazdecarvalhowines.com\/site\/produto\/tinto\/","name":"Vaz de Carvalho Douro DOC Tinto 2024 Unoaked - Vaz de Carvalho Wines","isPartOf":{"@id":"https:\/\/vazdecarvalhowines.com\/site\/?lang=en\/#website"},"datePublished":"2018-01-10T18:32:22+00:00","dateModified":"2026-02-03T19:46:33+00:00","breadcrumb":{"@id":"https:\/\/vazdecarvalhowines.com\/site\/produto\/tinto\/#breadcrumb"},"inLanguage":"pt-PT","potentialAction":[{"@type":"ReadAction","target":["https:\/\/vazdecarvalhowines.com\/site\/produto\/tinto\/"]}]},{"@type":"BreadcrumbList","@id":"https:\/\/vazdecarvalhowines.com\/site\/produto\/tinto\/#breadcrumb","itemListElement":[{"@type":"ListItem","position":1,"name":"In\u00edcio","item":"https:\/\/vazdecarvalhowines.com\/site\/"},{"@type":"ListItem","position":2,"name":"Os Vinhos","item":"https:\/\/vazdecarvalhowines.com\/site\/os-vinhos-loja\/"},{"@type":"ListItem","position":3,"name":"Vaz de Carvalho Douro DOC Tinto 2024 Unoaked"}]},{"@type":"WebSite","@id":"https:\/\/vazdecarvalhowines.com\/site\/?lang=en\/#website","url":"https:\/\/vazdecarvalhowines.com\/site\/?lang=en\/","name":"Vaz de Carvalho Wines","description":"","potentialAction":[{"@type":"SearchAction","target":{"@type":"EntryPoint","urlTemplate":"https:\/\/vazdecarvalhowines.com\/site\/?lang=en\/?s={search_term_string}"},"query-input":"required name=search_term_string"}],"inLanguage":"pt-PT"}]}},"_links":{"self":[{"href":"https:\/\/vazdecarvalhowines.com\/site\/wp-json\/wp\/v2\/product\/305"}],"collection":[{"href":"https:\/\/vazdecarvalhowines.com\/site\/wp-json\/wp\/v2\/product"}],"about":[{"href":"https:\/\/vazdecarvalhowines.com\/site\/wp-json\/wp\/v2\/types\/product"}],"replies":[{"embeddable":true,"href":"https:\/\/vazdecarvalhowines.com\/site\/wp-json\/wp\/v2\/comments?post=305"}],"wp:featuredmedia":[{"embeddable":true,"href":"https:\/\/vazdecarvalhowines.com\/site\/wp-json\/wp\/v2\/media\/306"}],"wp:attachment":[{"href":"https:\/\/vazdecarvalhowines.com\/site\/wp-json\/wp\/v2\/media?parent=305"}],"wp:term":[{"taxonomy":"product_cat","embeddable":true,"href":"https:\/\/vazdecarvalhowines.com\/site\/wp-json\/wp\/v2\/product_cat?post=305"},{"taxonomy":"product_tag","embeddable":true,"href":"https:\/\/vazdecarvalhowines.com\/site\/wp-json\/wp\/v2\/product_tag?post=305"}],"curies":[{"name":"wp","href":"https:\/\/api.w.org\/{rel}","templated":true}]}}