{"id":300,"date":"2017-12-06T10:40:03","date_gmt":"2017-12-06T10:40:03","guid":{"rendered":"http:\/\/vazdecarvalhowines.com\/dev\/?post_type=product&#038;p=300"},"modified":"2025-10-21T13:13:58","modified_gmt":"2025-10-21T12:13:58","slug":"tinto-reserva","status":"publish","type":"product","link":"https:\/\/vazdecarvalhowines.com\/site\/produto\/tinto-reserva\/","title":{"rendered":"Vaz de Carvalho Douro Tinto Reserva 2024"},"content":{"rendered":"<p><strong>Dados do Produtor \/ Vinho:<\/strong><br \/>\nInseridos num conjunto de propriedades, com cerca de 100ha, a empresa possui 30 ha de vinha, practicamente todos mecanizados e plantados com castas seleccionadas, muito embora numa clara aposta na continuidade da tradi\u00e7\u00e3o mantenha uma consider\u00e1vel \u00e0rea de vinha velha, que sendo de dificil e oneroso granjeio, e muito baixa produ\u00e7\u00e3o, produz vinhos de grande complexidade e eleg\u00e2ncia.<br \/>\nEstando todas as quintas situadas no concelho de Santa Marta de Penagui\u00e3o, distribuidas pelas freguesias de Cumieira, S\u00ba. Jo\u00e3o de Lobrigos, S\u00ba. Miguel de Lobrigos e Cever.<\/p>\n<p><strong>Casta(s): <\/strong>Tradicionais Durienses.<\/p>\n<p><strong>Envelhecimento: <\/strong>12 meses em barricas de Carvalho Franc\u00eas.<\/p>\n<p><strong>Notas de Prova:<\/strong><br \/>\nNa boca revela-se elegante, suave, repleto de frutos vermelhos e especiarias real\u00e7ados por uma excelente frescura, produzindo um agrad\u00e1vel e intermin\u00e1vel final de boca.<\/p>\n<p><strong>Temperatura de Servi\u00e7o:<\/strong> Servir com cuidado ou decantado \u00e0 temperatura 18\u00baC sendo vinho natural,\u00a0sujeito a criar dep\u00f3sito.<\/p>\n<p><strong>Harmoniza\u00e7\u00e3o gastron\u00f3mica recomendada: <\/strong>Pratos de ca\u00e7a, grelhados e assados.<\/p>\n<p><strong>Lote:<\/strong><br \/>\nDeste lote foram produzidas 1988 garrafas. Este vinho foi produzido em quantidades limitadas. O n\u00famero inscrito na garrafa confere-lhe exclusividade e raridade.<\/p>\n<p><em><strong>AN\u00c1LISES:<\/strong><\/em><\/p>\n<tr style=\"border-bottom: 1px solid #000 !inportant\">\n<em><strong>Declara\u00e7\u00e3o Nutricional por 100ml:<\/strong><\/em><\/p>\n<tr style=\"border-bottom: 1px solid #000 !inportant\">\nE=335 KJ\/80 kcal por 100 ml<br \/>\nHidratos de carbono dos quais a\u00e7ucares &#8211; 0,1g<br \/>\nLipidos dos quais saturados &#8211; 0g<br \/>\nProteinas &#8211; 0g<br \/>\nSal &#8211; 0g<br \/>\nAlc. Vol. \u2013 13,5%<\/p>\n<tr style=\"border-bottom: 1px solid #000 !inportant\">\nIngredientes: uvas e antioxidantes (SULFITOS)<\/p>\n","protected":false},"excerpt":{"rendered":"<p><em><strong>Refer\u00eancia:<\/strong><\/em> Tinto Reserva<br \/>\n<em><strong>Produtor:<\/strong><\/em> Vaz de Carvalho &#8211; Wines<br \/>\n<em><strong>Tipo:<\/strong><\/em>\u00a0RVC Douro DOC 2024<br \/>\n<em><strong>Colheita: <\/strong>2024<\/em><br \/>\n<em><strong>AN\u00c1LISES:<\/strong><\/em><\/p>\n<tr style=\"border-bottom: 1px solid #000 !inportant\">\n<em><strong>Declara\u00e7\u00e3o Nutricional por 100ml:<\/strong><\/em><\/p>\n<tr style=\"border-bottom: 1px solid #000 !inportant\">\nE=335 KJ\/80 kcal por 100 ml<br \/>\nHidratos de carbono dos quais a\u00e7ucares &#8211; 0,1g<br \/>\nLipidos dos quais saturados &#8211; 0g<br \/>\nProteinas &#8211; 0g<br \/>\nSal &#8211; 0g<br \/>\nAlc. Vol. \u2013 13,5%<\/p>\n<tr style=\"border-bottom: 1px solid #000 !inportant\">\nIngredientes: uvas e antioxidantes (SULFITOS)<\/p>\n<p><strong>Envelhecimento: <\/strong><br \/>\n12 meses em barricas de Carvalho Franc\u00eas.<\/p>\n","protected":false},"featured_media":595,"comment_status":"closed","ping_status":"closed","template":"","meta":[],"product_cat":[24,35],"product_tag":[],"yoast_head":"<!-- This site is optimized with the Yoast SEO plugin v21.5 - https:\/\/yoast.com\/wordpress\/plugins\/seo\/ -->\n<title>Vaz de Carvalho Douro Tinto Reserva 2024 - Vaz de Carvalho Wines<\/title>\n<meta name=\"robots\" content=\"index, follow, max-snippet:-1, max-image-preview:large, max-video-preview:-1\" \/>\n<link rel=\"canonical\" href=\"https:\/\/vazdecarvalhowines.com\/site\/produto\/tinto-reserva\/\" \/>\n<meta property=\"og:locale\" content=\"pt_PT\" \/>\n<meta property=\"og:type\" content=\"article\" \/>\n<meta property=\"og:title\" content=\"Vaz de Carvalho Douro Tinto Reserva 2024 - Vaz de Carvalho Wines\" \/>\n<meta property=\"og:description\" content=\"Refer\u00eancia: Tinto Reserva Produtor: Vaz de Carvalho - Wines Tipo:\u00a0RVC Douro DOC 2024 Colheita: 2024 AN\u00c1LISES:  Declara\u00e7\u00e3o Nutricional por 100ml:  E=335 KJ\/80 kcal por 100 ml Hidratos de carbono dos quais a\u00e7ucares - 0,1g  Lipidos dos quais saturados - 0g Proteinas - 0g Sal - 0g  Alc. Vol. \u2013 13,5%  Ingredientes: uvas e antioxidantes (SULFITOS)   Envelhecimento:  12 meses em barricas de Carvalho Franc\u00eas.\" \/>\n<meta property=\"og:url\" content=\"https:\/\/vazdecarvalhowines.com\/site\/produto\/tinto-reserva\/\" \/>\n<meta property=\"og:site_name\" content=\"Vaz de Carvalho Wines\" \/>\n<meta property=\"article:modified_time\" content=\"2025-10-21T12:13:58+00:00\" \/>\n<meta property=\"og:image\" content=\"https:\/\/vazdecarvalhowines.com\/site\/wp-content\/uploads\/2018\/03\/Tinto_ReservaSombra_02.jpg\" \/>\n\t<meta property=\"og:image:width\" content=\"506\" \/>\n\t<meta property=\"og:image:height\" content=\"690\" \/>\n\t<meta property=\"og:image:type\" content=\"image\/jpeg\" \/>\n<meta name=\"twitter:card\" content=\"summary_large_image\" \/>\n<meta name=\"twitter:label1\" content=\"Tempo estimado de leitura\" \/>\n\t<meta name=\"twitter:data1\" content=\"2 minutos\" \/>\n<script type=\"application\/ld+json\" class=\"yoast-schema-graph\">{\"@context\":\"https:\/\/schema.org\",\"@graph\":[{\"@type\":\"WebPage\",\"@id\":\"https:\/\/vazdecarvalhowines.com\/site\/produto\/tinto-reserva\/\",\"url\":\"https:\/\/vazdecarvalhowines.com\/site\/produto\/tinto-reserva\/\",\"name\":\"Vaz de Carvalho Douro Tinto Reserva 2024 - Vaz de Carvalho Wines\",\"isPartOf\":{\"@id\":\"https:\/\/vazdecarvalhowines.com\/site\/?lang=en\/#website\"},\"datePublished\":\"2017-12-06T10:40:03+00:00\",\"dateModified\":\"2025-10-21T12:13:58+00:00\",\"breadcrumb\":{\"@id\":\"https:\/\/vazdecarvalhowines.com\/site\/produto\/tinto-reserva\/#breadcrumb\"},\"inLanguage\":\"pt-PT\",\"potentialAction\":[{\"@type\":\"ReadAction\",\"target\":[\"https:\/\/vazdecarvalhowines.com\/site\/produto\/tinto-reserva\/\"]}]},{\"@type\":\"BreadcrumbList\",\"@id\":\"https:\/\/vazdecarvalhowines.com\/site\/produto\/tinto-reserva\/#breadcrumb\",\"itemListElement\":[{\"@type\":\"ListItem\",\"position\":1,\"name\":\"In\u00edcio\",\"item\":\"https:\/\/vazdecarvalhowines.com\/site\/\"},{\"@type\":\"ListItem\",\"position\":2,\"name\":\"Os Vinhos\",\"item\":\"https:\/\/vazdecarvalhowines.com\/site\/os-vinhos-loja\/\"},{\"@type\":\"ListItem\",\"position\":3,\"name\":\"Vaz de Carvalho Douro Tinto Reserva 2024\"}]},{\"@type\":\"WebSite\",\"@id\":\"https:\/\/vazdecarvalhowines.com\/site\/?lang=en\/#website\",\"url\":\"https:\/\/vazdecarvalhowines.com\/site\/?lang=en\/\",\"name\":\"Vaz de Carvalho Wines\",\"description\":\"\",\"potentialAction\":[{\"@type\":\"SearchAction\",\"target\":{\"@type\":\"EntryPoint\",\"urlTemplate\":\"https:\/\/vazdecarvalhowines.com\/site\/?lang=en\/?s={search_term_string}\"},\"query-input\":\"required name=search_term_string\"}],\"inLanguage\":\"pt-PT\"}]}<\/script>\n<!-- \/ Yoast SEO plugin. -->","yoast_head_json":{"title":"Vaz de Carvalho Douro Tinto Reserva 2024 - Vaz de Carvalho Wines","robots":{"index":"index","follow":"follow","max-snippet":"max-snippet:-1","max-image-preview":"max-image-preview:large","max-video-preview":"max-video-preview:-1"},"canonical":"https:\/\/vazdecarvalhowines.com\/site\/produto\/tinto-reserva\/","og_locale":"pt_PT","og_type":"article","og_title":"Vaz de Carvalho Douro Tinto Reserva 2024 - Vaz de Carvalho Wines","og_description":"Refer\u00eancia: Tinto Reserva Produtor: Vaz de Carvalho - Wines Tipo:\u00a0RVC Douro DOC 2024 Colheita: 2024 AN\u00c1LISES:  Declara\u00e7\u00e3o Nutricional por 100ml:  E=335 KJ\/80 kcal por 100 ml Hidratos de carbono dos quais a\u00e7ucares - 0,1g  Lipidos dos quais saturados - 0g Proteinas - 0g Sal - 0g  Alc. Vol. \u2013 13,5%  Ingredientes: uvas e antioxidantes (SULFITOS)   Envelhecimento:  12 meses em barricas de Carvalho Franc\u00eas.","og_url":"https:\/\/vazdecarvalhowines.com\/site\/produto\/tinto-reserva\/","og_site_name":"Vaz de Carvalho Wines","article_modified_time":"2025-10-21T12:13:58+00:00","og_image":[{"width":506,"height":690,"url":"https:\/\/vazdecarvalhowines.com\/site\/wp-content\/uploads\/2018\/03\/Tinto_ReservaSombra_02.jpg","type":"image\/jpeg"}],"twitter_card":"summary_large_image","twitter_misc":{"Tempo estimado de leitura":"2 minutos"},"schema":{"@context":"https:\/\/schema.org","@graph":[{"@type":"WebPage","@id":"https:\/\/vazdecarvalhowines.com\/site\/produto\/tinto-reserva\/","url":"https:\/\/vazdecarvalhowines.com\/site\/produto\/tinto-reserva\/","name":"Vaz de Carvalho Douro Tinto Reserva 2024 - Vaz de Carvalho Wines","isPartOf":{"@id":"https:\/\/vazdecarvalhowines.com\/site\/?lang=en\/#website"},"datePublished":"2017-12-06T10:40:03+00:00","dateModified":"2025-10-21T12:13:58+00:00","breadcrumb":{"@id":"https:\/\/vazdecarvalhowines.com\/site\/produto\/tinto-reserva\/#breadcrumb"},"inLanguage":"pt-PT","potentialAction":[{"@type":"ReadAction","target":["https:\/\/vazdecarvalhowines.com\/site\/produto\/tinto-reserva\/"]}]},{"@type":"BreadcrumbList","@id":"https:\/\/vazdecarvalhowines.com\/site\/produto\/tinto-reserva\/#breadcrumb","itemListElement":[{"@type":"ListItem","position":1,"name":"In\u00edcio","item":"https:\/\/vazdecarvalhowines.com\/site\/"},{"@type":"ListItem","position":2,"name":"Os Vinhos","item":"https:\/\/vazdecarvalhowines.com\/site\/os-vinhos-loja\/"},{"@type":"ListItem","position":3,"name":"Vaz de Carvalho Douro Tinto Reserva 2024"}]},{"@type":"WebSite","@id":"https:\/\/vazdecarvalhowines.com\/site\/?lang=en\/#website","url":"https:\/\/vazdecarvalhowines.com\/site\/?lang=en\/","name":"Vaz de Carvalho Wines","description":"","potentialAction":[{"@type":"SearchAction","target":{"@type":"EntryPoint","urlTemplate":"https:\/\/vazdecarvalhowines.com\/site\/?lang=en\/?s={search_term_string}"},"query-input":"required name=search_term_string"}],"inLanguage":"pt-PT"}]}},"_links":{"self":[{"href":"https:\/\/vazdecarvalhowines.com\/site\/wp-json\/wp\/v2\/product\/300"}],"collection":[{"href":"https:\/\/vazdecarvalhowines.com\/site\/wp-json\/wp\/v2\/product"}],"about":[{"href":"https:\/\/vazdecarvalhowines.com\/site\/wp-json\/wp\/v2\/types\/product"}],"replies":[{"embeddable":true,"href":"https:\/\/vazdecarvalhowines.com\/site\/wp-json\/wp\/v2\/comments?post=300"}],"wp:featuredmedia":[{"embeddable":true,"href":"https:\/\/vazdecarvalhowines.com\/site\/wp-json\/wp\/v2\/media\/595"}],"wp:attachment":[{"href":"https:\/\/vazdecarvalhowines.com\/site\/wp-json\/wp\/v2\/media?parent=300"}],"wp:term":[{"taxonomy":"product_cat","embeddable":true,"href":"https:\/\/vazdecarvalhowines.com\/site\/wp-json\/wp\/v2\/product_cat?post=300"},{"taxonomy":"product_tag","embeddable":true,"href":"https:\/\/vazdecarvalhowines.com\/site\/wp-json\/wp\/v2\/product_tag?post=300"}],"curies":[{"name":"wp","href":"https:\/\/api.w.org\/{rel}","templated":true}]}}