{"id":27,"date":"2016-03-14T17:29:38","date_gmt":"2016-03-14T17:29:38","guid":{"rendered":"http:\/\/rvcwines.marioantunes.com\/?page_id=27"},"modified":"2017-11-16T15:39:47","modified_gmt":"2017-11-16T15:39:47","slug":"visitas","status":"publish","type":"page","link":"https:\/\/vazdecarvalhowines.com\/site\/visitas\/","title":{"rendered":"Visitas"},"content":{"rendered":"\n\t\t\t<!-- START Visitas REVOLUTION SLIDER 6.2.20 --><p class=\"rs-p-wp-fix\"><\/p>\n\t\t\t<rs-module-wrap id=\"rev_slider_1_1_wrapper\" data-source=\"gallery\" data-aimg=\"\"  style=\"background:#E9E9E9;padding:0;margin:0px auto;margin-top:0;margin-bottom:30;\">\n\t\t\t\t<rs-module id=\"rev_slider_1_1\" style=\"\" data-version=\"6.2.20\">\n\t\t\t\t\t<rs-slides>\n\t\t\t\t\t\t<rs-slide data-key=\"rs-1\" data-title=\"Slide\" data-anim=\"ei:d;eo:d;r:0;t:fade;sl:7;\">\n\t\t\t\t\t\t\t<img decoding=\"async\" src=\"\/\/vazdecarvalhowines.com\/site\/wp-content\/uploads\/2017\/11\/q1.jpg\" title=\"Visitas\" class=\"rev-slidebg\" data-no-retina>\n<!---->\t\t\t\t\t\t<\/rs-slide>\n\t\t\t\t\t\t<rs-slide data-key=\"rs-2\" data-title=\"Slide\" data-anim=\"ei:d;eo:d;r:0;t:fade;sl:7;\">\n\t\t\t\t\t\t\t<img decoding=\"async\" src=\"\/\/vazdecarvalhowines.com\/site\/wp-content\/uploads\/2017\/11\/q2.jpg\" title=\"Visitas\" class=\"rev-slidebg\" data-no-retina>\n<!---->\t\t\t\t\t\t<\/rs-slide>\n\t\t\t\t\t\t<rs-slide data-key=\"rs-3\" data-title=\"Slide\" data-anim=\"ei:d;eo:d;r:0;t:fade;sl:7;\">\n\t\t\t\t\t\t\t<img decoding=\"async\" src=\"\/\/vazdecarvalhowines.com\/site\/wp-content\/uploads\/2017\/11\/q3.jpg\" title=\"Visitas\" class=\"rev-slidebg\" data-no-retina>\n<!---->\t\t\t\t\t\t<\/rs-slide>\n\t\t\t\t\t\t<rs-slide data-key=\"rs-4\" data-title=\"Slide\" data-anim=\"ei:d;eo:d;r:0;t:fade;sl:7;\">\n\t\t\t\t\t\t\t<img decoding=\"async\" src=\"\/\/vazdecarvalhowines.com\/site\/wp-content\/uploads\/2017\/11\/q4.jpg\" title=\"Visitas\" class=\"rev-slidebg\" data-no-retina>\n<!---->\t\t\t\t\t\t<\/rs-slide>\n\t\t\t\t\t\t<rs-slide data-key=\"rs-5\" data-title=\"Slide\" data-anim=\"ei:d;eo:d;r:0;t:fade;sl:7;\">\n\t\t\t\t\t\t\t<img decoding=\"async\" src=\"\/\/vazdecarvalhowines.com\/site\/wp-content\/uploads\/2017\/11\/q5.jpg\" title=\"Visitas\" class=\"rev-slidebg\" data-no-retina>\n<!---->\t\t\t\t\t\t<\/rs-slide>\n\t\t\t\t\t\t<rs-slide data-key=\"rs-6\" data-title=\"Slide\" data-anim=\"ei:d;eo:d;r:0;t:fade;sl:7;\">\n\t\t\t\t\t\t\t<img decoding=\"async\" src=\"\/\/vazdecarvalhowines.com\/site\/wp-content\/uploads\/2017\/11\/q6.jpg\" title=\"Visitas\" class=\"rev-slidebg\" data-no-retina>\n<!---->\t\t\t\t\t\t<\/rs-slide>\n\t\t\t\t\t\t<rs-slide data-key=\"rs-7\" data-title=\"Slide\" data-anim=\"ei:d;eo:d;r:0;t:fade;sl:7;\">\n\t\t\t\t\t\t\t<img decoding=\"async\" src=\"\/\/vazdecarvalhowines.com\/site\/wp-content\/uploads\/2017\/11\/q7.jpg\" title=\"Visitas\" class=\"rev-slidebg\" data-no-retina>\n<!---->\t\t\t\t\t\t<\/rs-slide>\n\t\t\t\t\t\t<rs-slide data-key=\"rs-8\" data-title=\"Slide\" data-anim=\"ei:d;eo:d;r:0;t:fade;sl:7;\">\n\t\t\t\t\t\t\t<img decoding=\"async\" src=\"\/\/vazdecarvalhowines.com\/site\/wp-content\/uploads\/2017\/11\/q8.jpg\" title=\"Visitas\" class=\"rev-slidebg\" data-no-retina>\n<!---->\t\t\t\t\t\t<\/rs-slide>\n\t\t\t\t\t\t<rs-slide data-key=\"rs-9\" data-title=\"Slide\" data-anim=\"ei:d;eo:d;r:0;t:fade;sl:7;\">\n\t\t\t\t\t\t\t<img decoding=\"async\" src=\"\/\/vazdecarvalhowines.com\/site\/wp-content\/uploads\/2017\/11\/q9.jpg\" title=\"Visitas\" class=\"rev-slidebg\" data-no-retina>\n<!---->\t\t\t\t\t\t<\/rs-slide>\n\t\t\t\t\t\t<rs-slide data-key=\"rs-10\" data-title=\"Slide\" data-anim=\"ei:d;eo:d;r:0;t:fade;sl:7;\">\n\t\t\t\t\t\t\t<img decoding=\"async\" src=\"\/\/vazdecarvalhowines.com\/site\/wp-content\/uploads\/2017\/11\/q10.jpg\" title=\"Visitas\" class=\"rev-slidebg\" data-no-retina>\n<!---->\t\t\t\t\t\t<\/rs-slide>\n\t\t\t\t\t\t<rs-slide data-key=\"rs-11\" data-title=\"Slide\" data-anim=\"ei:d;eo:d;r:0;t:fade;sl:7;\">\n\t\t\t\t\t\t\t<img decoding=\"async\" src=\"\/\/vazdecarvalhowines.com\/site\/wp-content\/uploads\/2017\/11\/q11.jpg\" title=\"Visitas\" class=\"rev-slidebg\" data-no-retina>\n<!---->\t\t\t\t\t\t<\/rs-slide>\n\t\t\t\t\t\t<rs-slide data-key=\"rs-12\" data-title=\"Slide\" data-anim=\"ei:d;eo:d;r:0;t:fade;sl:7;\">\n\t\t\t\t\t\t\t<img decoding=\"async\" src=\"\/\/vazdecarvalhowines.com\/site\/wp-content\/uploads\/2017\/11\/q12.jpg\" title=\"Visitas\" class=\"rev-slidebg\" data-no-retina>\n<!---->\t\t\t\t\t\t<\/rs-slide>\n\t\t\t\t\t\t<rs-slide data-key=\"rs-13\" data-title=\"Slide\" data-anim=\"ei:d;eo:d;r:0;t:fade;sl:7;\">\n\t\t\t\t\t\t\t<img decoding=\"async\" src=\"\/\/vazdecarvalhowines.com\/site\/wp-content\/uploads\/2017\/11\/q13.jpg\" title=\"Visitas\" class=\"rev-slidebg\" data-no-retina>\n<!---->\t\t\t\t\t\t<\/rs-slide>\n\t\t\t\t\t<\/rs-slides>\n\t\t\t\t<\/rs-module>\n\t\t\t\t<script type=\"text\/javascript\">\n\t\t\t\t\tsetREVStartSize({c: 'rev_slider_1_1',rl:[1240,1024,778,480],el:[],gw:[1140],gh:[350],type:'standard',justify:'',layout:'fullwidth',mh:\"0\"});\n\t\t\t\t\tvar\trevapi1,\n\t\t\t\t\t\ttpj;\n\t\t\t\t\tfunction revinit_1() {\n\t\t\t\t\tjQuery(function() {\n\t\t\t\t\t\ttpj = jQuery;\n\t\t\t\t\t\trevapi1 = tpj(\"#rev_slider_1_1\");\n\t\t\t\t\t\ttpj.noConflict();\n\t\t\t\t\t\tif(revapi1==undefined || revapi1.revolution == undefined){\n\t\t\t\t\t\t\trevslider_showDoubleJqueryError(\"rev_slider_1_1\");\n\t\t\t\t\t\t}else{\n\t\t\t\t\t\t\trevapi1.revolution({\n\t\t\t\t\t\t\t\tsliderLayout:\"fullwidth\",\n\t\t\t\t\t\t\t\tvisibilityLevels:\"1240,1024,778,480\",\n\t\t\t\t\t\t\t\tgridwidth:1140,\n\t\t\t\t\t\t\t\tgridheight:350,\n\t\t\t\t\t\t\t\tspinner:\"spinner0\",\n\t\t\t\t\t\t\t\tperspectiveType:\"local\",\n\t\t\t\t\t\t\t\tresponsiveLevels:\"1240,1024,778,480\",\n\t\t\t\t\t\t\t\tshadow:3,\n\t\t\t\t\t\t\t\tprogressBar: {\n\t\t\t\t\t\t\t\t\tcolor:\"#FFFFFF\",\n\t\t\t\t\t\t\t\t\tvertical:\"hide\",\n\t\t\t\t\t\t\t\t\tsize:5\n\t\t\t\t\t\t\t\t},\n\t\t\t\t\t\t\t\tnavigation: {\n\t\t\t\t\t\t\t\t\tmouseScrollNavigation:false,\n\t\t\t\t\t\t\t\t\ttouch: {\n\t\t\t\t\t\t\t\t\t\ttouchenabled:true,\n\t\t\t\t\t\t\t\t\t\tswipe_threshold:0\n\t\t\t\t\t\t\t\t\t}\n\t\t\t\t\t\t\t\t},\n\t\t\t\t\t\t\t\tfallbacks: {\n\t\t\t\t\t\t\t\t\tsimplifyAll:\"\",\n\t\t\t\t\t\t\t\t\tallowHTML5AutoPlayOnAndroid:true\n\t\t\t\t\t\t\t\t},\n\t\t\t\t\t\t\t});\n\t\t\t\t\t\t}\n\t\t\t\t\t\t\n\t\t\t\t\t});\n\t\t\t\t\t} \/\/ End of RevInitScript\n\t\t\t\tif (document.readyState === \"loading\") window.addEventListener('DOMContentLoaded',function() {\trevinit_1();}); else revinit_1();\n\t\t\t\t<\/script>\n\t\t\t<\/rs-module-wrap>\n\t\t\t<!-- END REVOLUTION SLIDER -->\n\n<h2>Visitas \u00e0s nossas Quintas<\/h2>\n<p>Se pretende visitar as nossas Quintas, saiba que lhe podemos proporcionar diferentes e apelativas experi\u00eancias, tais como:<\/p>\n<p><strong>&#8220;Visita \u00e0 adega&#8221;<\/strong>, que inclui uma prova de vinhos, podendo optar por tr\u00eas, cinco ou oito vinhos. Nestas provas incluimos os rarissimos Vinhos do Porto Branco e Tinto Special Reserve.<\/p>\n<p><strong>&#8220;Um dia no Douro&#8221;<\/strong> ou <strong>&#8220;Um dia de vindimas&#8221;<\/strong> incluem passeios pela Quinta, prova de vinhos e mostra de gastronomia com produtos exclusivos da quinta, sendo que no dia de vindimas ir\u00e1 tamb\u00e9m participar na pr\u00f3pria vindima.<\/p>\n<p>Existe um circuito pedestre com cerca de 8 km pela Quinta, e um dos Caminhos de Santiago passa ao longo da Quinta do Licor, como poder\u00e1 comprovar nestas visitas.<\/p>\n<p>As provas de vinhos podem-se localizar em locais diferentes, desde a casa do moleiro \u00e0 adega.<\/p>\n","protected":false},"excerpt":{"rendered":"<p>Visitas \u00e0s nossas Quintas Se pretende visitar as nossas Quintas, saiba que lhe podemos proporcionar diferentes e apelativas experi\u00eancias, tais como: &#8220;Visita \u00e0 adega&#8221;, que inclui uma prova de vinhos, podendo optar por tr\u00eas, cinco ou oito vinhos. Nestas provas incluimos os rarissimos Vinhos do Porto Branco e Tinto Special Reserve. &#8220;Um dia no Douro&#8221;&#8230;<\/p>\n","protected":false},"author":1,"featured_media":203,"parent":0,"menu_order":0,"comment_status":"closed","ping_status":"closed","template":"","meta":{"footnotes":""},"yoast_head":"<!-- This site is optimized with the Yoast SEO plugin v21.5 - https:\/\/yoast.com\/wordpress\/plugins\/seo\/ -->\n<title>Visitas - Vaz de Carvalho Wines<\/title>\n<meta name=\"robots\" content=\"index, follow, max-snippet:-1, max-image-preview:large, max-video-preview:-1\" \/>\n<link rel=\"canonical\" href=\"https:\/\/vazdecarvalhowines.com\/site\/visitas\/\" \/>\n<meta property=\"og:locale\" content=\"pt_PT\" \/>\n<meta property=\"og:type\" content=\"article\" \/>\n<meta property=\"og:title\" content=\"Visitas - Vaz de Carvalho Wines\" \/>\n<meta property=\"og:description\" content=\"Visitas \u00e0s nossas Quintas Se pretende visitar as nossas Quintas, saiba que lhe podemos proporcionar diferentes e apelativas experi\u00eancias, tais como: &#8220;Visita \u00e0 adega&#8221;, que inclui uma prova de vinhos, podendo optar por tr\u00eas, cinco ou oito vinhos. Nestas provas incluimos os rarissimos Vinhos do Porto Branco e Tinto Special Reserve. &#8220;Um dia no Douro&#8221;...\" \/>\n<meta property=\"og:url\" content=\"https:\/\/vazdecarvalhowines.com\/site\/visitas\/\" \/>\n<meta property=\"og:site_name\" content=\"Vaz de Carvalho Wines\" \/>\n<meta property=\"article:modified_time\" content=\"2017-11-16T15:39:47+00:00\" \/>\n<meta property=\"og:image\" content=\"https:\/\/vazdecarvalhowines.com\/site\/wp-content\/uploads\/2017\/11\/visitas.jpg\" \/>\n\t<meta property=\"og:image:width\" content=\"1280\" \/>\n\t<meta property=\"og:image:height\" content=\"853\" \/>\n\t<meta property=\"og:image:type\" content=\"image\/jpeg\" \/>\n<meta name=\"twitter:card\" content=\"summary_large_image\" \/>\n<meta name=\"twitter:label1\" content=\"Tempo estimado de leitura\" \/>\n\t<meta name=\"twitter:data1\" content=\"1 minuto\" \/>\n<script type=\"application\/ld+json\" class=\"yoast-schema-graph\">{\"@context\":\"https:\/\/schema.org\",\"@graph\":[{\"@type\":\"WebPage\",\"@id\":\"https:\/\/vazdecarvalhowines.com\/site\/visitas\/\",\"url\":\"https:\/\/vazdecarvalhowines.com\/site\/visitas\/\",\"name\":\"Visitas - Vaz de Carvalho Wines\",\"isPartOf\":{\"@id\":\"https:\/\/vazdecarvalhowines.com\/site\/?lang=en\/#website\"},\"datePublished\":\"2016-03-14T17:29:38+00:00\",\"dateModified\":\"2017-11-16T15:39:47+00:00\",\"breadcrumb\":{\"@id\":\"https:\/\/vazdecarvalhowines.com\/site\/visitas\/#breadcrumb\"},\"inLanguage\":\"pt-PT\",\"potentialAction\":[{\"@type\":\"ReadAction\",\"target\":[\"https:\/\/vazdecarvalhowines.com\/site\/visitas\/\"]}]},{\"@type\":\"BreadcrumbList\",\"@id\":\"https:\/\/vazdecarvalhowines.com\/site\/visitas\/#breadcrumb\",\"itemListElement\":[{\"@type\":\"ListItem\",\"position\":1,\"name\":\"In\u00edcio\",\"item\":\"https:\/\/vazdecarvalhowines.com\/site\/\"},{\"@type\":\"ListItem\",\"position\":2,\"name\":\"Visitas\"}]},{\"@type\":\"WebSite\",\"@id\":\"https:\/\/vazdecarvalhowines.com\/site\/?lang=en\/#website\",\"url\":\"https:\/\/vazdecarvalhowines.com\/site\/?lang=en\/\",\"name\":\"Vaz de Carvalho Wines\",\"description\":\"\",\"potentialAction\":[{\"@type\":\"SearchAction\",\"target\":{\"@type\":\"EntryPoint\",\"urlTemplate\":\"https:\/\/vazdecarvalhowines.com\/site\/?lang=en\/?s={search_term_string}\"},\"query-input\":\"required name=search_term_string\"}],\"inLanguage\":\"pt-PT\"}]}<\/script>\n<!-- \/ Yoast SEO plugin. -->","yoast_head_json":{"title":"Visitas - Vaz de Carvalho Wines","robots":{"index":"index","follow":"follow","max-snippet":"max-snippet:-1","max-image-preview":"max-image-preview:large","max-video-preview":"max-video-preview:-1"},"canonical":"https:\/\/vazdecarvalhowines.com\/site\/visitas\/","og_locale":"pt_PT","og_type":"article","og_title":"Visitas - Vaz de Carvalho Wines","og_description":"Visitas \u00e0s nossas Quintas Se pretende visitar as nossas Quintas, saiba que lhe podemos proporcionar diferentes e apelativas experi\u00eancias, tais como: &#8220;Visita \u00e0 adega&#8221;, que inclui uma prova de vinhos, podendo optar por tr\u00eas, cinco ou oito vinhos. Nestas provas incluimos os rarissimos Vinhos do Porto Branco e Tinto Special Reserve. &#8220;Um dia no Douro&#8221;...","og_url":"https:\/\/vazdecarvalhowines.com\/site\/visitas\/","og_site_name":"Vaz de Carvalho Wines","article_modified_time":"2017-11-16T15:39:47+00:00","og_image":[{"width":1280,"height":853,"url":"https:\/\/vazdecarvalhowines.com\/site\/wp-content\/uploads\/2017\/11\/visitas.jpg","type":"image\/jpeg"}],"twitter_card":"summary_large_image","twitter_misc":{"Tempo estimado de leitura":"1 minuto"},"schema":{"@context":"https:\/\/schema.org","@graph":[{"@type":"WebPage","@id":"https:\/\/vazdecarvalhowines.com\/site\/visitas\/","url":"https:\/\/vazdecarvalhowines.com\/site\/visitas\/","name":"Visitas - Vaz de Carvalho Wines","isPartOf":{"@id":"https:\/\/vazdecarvalhowines.com\/site\/?lang=en\/#website"},"datePublished":"2016-03-14T17:29:38+00:00","dateModified":"2017-11-16T15:39:47+00:00","breadcrumb":{"@id":"https:\/\/vazdecarvalhowines.com\/site\/visitas\/#breadcrumb"},"inLanguage":"pt-PT","potentialAction":[{"@type":"ReadAction","target":["https:\/\/vazdecarvalhowines.com\/site\/visitas\/"]}]},{"@type":"BreadcrumbList","@id":"https:\/\/vazdecarvalhowines.com\/site\/visitas\/#breadcrumb","itemListElement":[{"@type":"ListItem","position":1,"name":"In\u00edcio","item":"https:\/\/vazdecarvalhowines.com\/site\/"},{"@type":"ListItem","position":2,"name":"Visitas"}]},{"@type":"WebSite","@id":"https:\/\/vazdecarvalhowines.com\/site\/?lang=en\/#website","url":"https:\/\/vazdecarvalhowines.com\/site\/?lang=en\/","name":"Vaz de Carvalho Wines","description":"","potentialAction":[{"@type":"SearchAction","target":{"@type":"EntryPoint","urlTemplate":"https:\/\/vazdecarvalhowines.com\/site\/?lang=en\/?s={search_term_string}"},"query-input":"required name=search_term_string"}],"inLanguage":"pt-PT"}]}},"_links":{"self":[{"href":"https:\/\/vazdecarvalhowines.com\/site\/wp-json\/wp\/v2\/pages\/27"}],"collection":[{"href":"https:\/\/vazdecarvalhowines.com\/site\/wp-json\/wp\/v2\/pages"}],"about":[{"href":"https:\/\/vazdecarvalhowines.com\/site\/wp-json\/wp\/v2\/types\/page"}],"author":[{"embeddable":true,"href":"https:\/\/vazdecarvalhowines.com\/site\/wp-json\/wp\/v2\/users\/1"}],"replies":[{"embeddable":true,"href":"https:\/\/vazdecarvalhowines.com\/site\/wp-json\/wp\/v2\/comments?post=27"}],"version-history":[{"count":10,"href":"https:\/\/vazdecarvalhowines.com\/site\/wp-json\/wp\/v2\/pages\/27\/revisions"}],"predecessor-version":[{"id":205,"href":"https:\/\/vazdecarvalhowines.com\/site\/wp-json\/wp\/v2\/pages\/27\/revisions\/205"}],"wp:featuredmedia":[{"embeddable":true,"href":"https:\/\/vazdecarvalhowines.com\/site\/wp-json\/wp\/v2\/media\/203"}],"wp:attachment":[{"href":"https:\/\/vazdecarvalhowines.com\/site\/wp-json\/wp\/v2\/media?parent=27"}],"curies":[{"name":"wp","href":"https:\/\/api.w.org\/{rel}","templated":true}]}}