{"id":180,"date":"2017-11-15T16:47:18","date_gmt":"2017-11-15T16:47:18","guid":{"rendered":"http:\/\/vazdecarvalhowines.com\/dev\/?page_id=180"},"modified":"2018-01-11T16:12:20","modified_gmt":"2018-01-11T16:12:20","slug":"as-quintas","status":"publish","type":"page","link":"https:\/\/vazdecarvalhowines.com\/site\/as-quintas\/","title":{"rendered":"As Quintas"},"content":{"rendered":"        <div class=\"wpex horizontal-timeline wpex-horizontal-full-width  no-arr-top show-all-items\" data-layout=\"horizontal\" data-autoplay=\"0\" data-speed=\"\" data-rtl=\"\" id=\"horizontal-tl-7526\" data-id=\"horizontal-tl-7526\" data-slidesshow=\"3\" data-arrowpos=\"\" data-center=\"0\">\r\n        \t            <div class=\"hor-container\">\r\n            <span class=\"timeline-hr\"><\/span>\r\n            <span class=\"timeline-pos-select\"><\/span>\r\n            <ul class=\"horizontal-nav\">\r\n\t\t\t\t                    <li class=\"ictl-159\">\r\n                    \t<a href=\"javascript:;\">Quinta da Serpe<i class=\"fa fa-circle no-icon\"><\/i><\/a>\r\n                    \t                    <\/li>\r\n                                    <li class=\"ictl-178\">\r\n                    \t<a href=\"javascript:;\">Quinta do Lic\u00f4r<i class=\"fa fa-circle no-icon\"><\/i><\/a>\r\n                    \t                    <\/li>\r\n                                    <li class=\"ictl-179\">\r\n                    \t<a href=\"javascript:;\">Quinta das Portas<i class=\"fa fa-circle no-icon\"><\/i><\/a>\r\n                    \t                    <\/li>\r\n                            <\/ul>\r\n            <\/div>\r\n                        <ul class=\"horizontal-content\">\r\n                    <li class=\"post-159 wp-timeline type-wp-timeline status-publish has-post-thumbnail hentry wpex_category-quintas\" id=\"159!\">\r\n    <div class=\"wpex-timeline-label\">\r\n        \t\t\t\t<div class=\"timeline-media\">\r\n\t\t\t\t\t<a href=\"https:\/\/vazdecarvalhowines.com\/site\/timeline\/quinta-da-serpe\/\" title=\"Quinta da Serpe\">\r\n\t\t\t\t\t<img loading=\"lazy\" decoding=\"async\" width=\"960\" height=\"353\" src=\"https:\/\/vazdecarvalhowines.com\/site\/wp-content\/uploads\/2017\/11\/1354559152.jpg\" class=\"attachment-full size-full wp-post-image\" alt=\"Quinta da Serpe\" srcset=\"https:\/\/vazdecarvalhowines.com\/site\/wp-content\/uploads\/2017\/11\/1354559152.jpg 960w, https:\/\/vazdecarvalhowines.com\/site\/wp-content\/uploads\/2017\/11\/1354559152-300x110.jpg 300w, https:\/\/vazdecarvalhowines.com\/site\/wp-content\/uploads\/2017\/11\/1354559152-768x282.jpg 768w, https:\/\/vazdecarvalhowines.com\/site\/wp-content\/uploads\/2017\/11\/1354559152-200x74.jpg 200w\" sizes=\"(max-width: 960px) 100vw, 960px\" \/>\t\t\t\t\t<span class=\"bg-opacity\"><\/span>\r\n\t\t\t\t\t<\/a>\r\n\t\t\t\t<\/div>\r\n\t\t\t        <div class=\"timeline-details\">\r\n        \t<h2>\r\n            \t                <a href=\"https:\/\/vazdecarvalhowines.com\/site\/timeline\/quinta-da-serpe\/\" title=\"Quinta da Serpe\">\r\n\t\t\t\t\tQuinta da Serpe                <\/a>\r\n            <\/h2>\r\n                        <div class=\"hidden-date\"><\/div>\r\n                        <div class=\"wptl-excerpt\">\r\n\t\t\t<p>A Fam\u00edlia Vaz de Carvalho possui 100 hectares de propriedades, sendo que destes, 30 s\u00e3o de vinha e est\u00e3o praticamente todos mecanizados e plantados com castas selecionadas. No entanto, numa clara aposta na continuidade da tradi\u00e7\u00e3o, mantem-se uma consider\u00e1vel \u00e1rea de vinha velha, que sendo de dif\u00edcil e oneroso granjeio e muito baixa produ\u00e7\u00e3o, produz vinhos de grande complexidade e eleg\u00e2ncia. Todas as quintas est\u00e3o situadas no concelho de Santa Marta de Penagui\u00e3o, distribuidas pelas freguesias de Cumieira, S\u00ba. Jo\u00e3o de Lobrigos, S\u00ba. Miguel de Lobrigos e Cever.<\/p>\n            <\/div>\r\n                    <\/div>\r\n        <div class=\"clearfix\"><\/div>\r\n    <\/div>\r\n<\/li>                    <li class=\"post-178 wp-timeline type-wp-timeline status-publish has-post-thumbnail hentry wpex_category-quintas\" id=\"178!\">\r\n    <div class=\"wpex-timeline-label\">\r\n        \t\t\t\t<div class=\"timeline-media\">\r\n\t\t\t\t\t<a href=\"https:\/\/vazdecarvalhowines.com\/site\/timeline\/quinta-do-licor\/\" title=\"Quinta do Lic\u00f4r\">\r\n\t\t\t\t\t<img loading=\"lazy\" decoding=\"async\" width=\"960\" height=\"353\" src=\"https:\/\/vazdecarvalhowines.com\/site\/wp-content\/uploads\/2017\/11\/1354559498.jpg\" class=\"attachment-full size-full wp-post-image\" alt=\"1851 - O Primeiro Armaz\u00e9m\" srcset=\"https:\/\/vazdecarvalhowines.com\/site\/wp-content\/uploads\/2017\/11\/1354559498.jpg 960w, https:\/\/vazdecarvalhowines.com\/site\/wp-content\/uploads\/2017\/11\/1354559498-300x110.jpg 300w, https:\/\/vazdecarvalhowines.com\/site\/wp-content\/uploads\/2017\/11\/1354559498-768x282.jpg 768w, https:\/\/vazdecarvalhowines.com\/site\/wp-content\/uploads\/2017\/11\/1354559498-200x74.jpg 200w\" sizes=\"(max-width: 960px) 100vw, 960px\" \/>\t\t\t\t\t<span class=\"bg-opacity\"><\/span>\r\n\t\t\t\t\t<\/a>\r\n\t\t\t\t<\/div>\r\n\t\t\t        <div class=\"timeline-details\">\r\n        \t<h2>\r\n            \t                <a href=\"https:\/\/vazdecarvalhowines.com\/site\/timeline\/quinta-do-licor\/\" title=\"Quinta do Lic\u00f4r\">\r\n\t\t\t\t\tQuinta do Lic\u00f4r                <\/a>\r\n            <\/h2>\r\n                        <div class=\"hidden-date\"><\/div>\r\n                        <div class=\"wptl-excerpt\">\r\n\t\t\t<p>A Fam\u00edlia Vaz de Carvalho possui 100 hectares de propriedades, sendo que destes, 30 s\u00e3o de vinha e est\u00e3o praticamente todos mecanizados e plantados com castas selecionadas. No entanto, numa clara aposta na continuidade da tradi\u00e7\u00e3o, mantem-se uma consider\u00e1vel \u00e1rea de vinha velha, que sendo de dif\u00edcil e oneroso granjeio e muito baixa produ\u00e7\u00e3o, produz vinhos de grande complexidade e eleg\u00e2ncia. Todas as quintas est\u00e3o situadas no concelho de Santa Marta de Penagui\u00e3o, distribuidas pelas freguesias de Cumieira, S\u00ba. Jo\u00e3o de Lobrigos, S\u00ba. Miguel de Lobrigos e Cever.<\/p>\n            <\/div>\r\n                    <\/div>\r\n        <div class=\"clearfix\"><\/div>\r\n    <\/div>\r\n<\/li>                    <li class=\"post-179 wp-timeline type-wp-timeline status-publish has-post-thumbnail hentry wpex_category-quintas\" id=\"179!\">\r\n    <div class=\"wpex-timeline-label\">\r\n        \t\t\t\t<div class=\"timeline-media\">\r\n\t\t\t\t\t<a href=\"https:\/\/vazdecarvalhowines.com\/site\/timeline\/quinta-das-portas\/\" title=\"Quinta das Portas\">\r\n\t\t\t\t\t<img loading=\"lazy\" decoding=\"async\" width=\"960\" height=\"353\" src=\"https:\/\/vazdecarvalhowines.com\/site\/wp-content\/uploads\/2017\/11\/1354559181.jpg\" class=\"attachment-full size-full wp-post-image\" alt=\"Quinta das Portas\" srcset=\"https:\/\/vazdecarvalhowines.com\/site\/wp-content\/uploads\/2017\/11\/1354559181.jpg 960w, https:\/\/vazdecarvalhowines.com\/site\/wp-content\/uploads\/2017\/11\/1354559181-300x110.jpg 300w, https:\/\/vazdecarvalhowines.com\/site\/wp-content\/uploads\/2017\/11\/1354559181-768x282.jpg 768w, https:\/\/vazdecarvalhowines.com\/site\/wp-content\/uploads\/2017\/11\/1354559181-200x74.jpg 200w\" sizes=\"(max-width: 960px) 100vw, 960px\" \/>\t\t\t\t\t<span class=\"bg-opacity\"><\/span>\r\n\t\t\t\t\t<\/a>\r\n\t\t\t\t<\/div>\r\n\t\t\t        <div class=\"timeline-details\">\r\n        \t<h2>\r\n            \t                <a href=\"https:\/\/vazdecarvalhowines.com\/site\/timeline\/quinta-das-portas\/\" title=\"Quinta das Portas\">\r\n\t\t\t\t\tQuinta das Portas                <\/a>\r\n            <\/h2>\r\n                        <div class=\"hidden-date\"><\/div>\r\n                        <div class=\"wptl-excerpt\">\r\n\t\t\t<p>A Fam\u00edlia Vaz de Carvalho possui 100 hectares de propriedades, sendo que destes, 30 s\u00e3o de vinha e est\u00e3o praticamente todos mecanizados e plantados com castas selecionadas. No entanto, numa clara aposta na continuidade da tradi\u00e7\u00e3o, mantem-se uma consider\u00e1vel \u00e1rea de vinha velha, que sendo de dif\u00edcil e oneroso granjeio e muito baixa produ\u00e7\u00e3o, produz vinhos de grande complexidade e eleg\u00e2ncia. Todas as quintas est\u00e3o situadas no concelho de Santa Marta de Penagui\u00e3o, distribuidas pelas freguesias de Cumieira, S\u00ba. Jo\u00e3o de Lobrigos, S\u00ba. Miguel de Lobrigos e Cever.<\/p>\n            <\/div>\r\n                    <\/div>\r\n        <div class=\"clearfix\"><\/div>\r\n    <\/div>\r\n<\/li>                                <\/ul>\r\n                    <\/div>\r\n        \n","protected":false},"excerpt":{"rendered":"","protected":false},"author":1,"featured_media":203,"parent":0,"menu_order":0,"comment_status":"closed","ping_status":"closed","template":"","meta":{"footnotes":""},"yoast_head":"<!-- This site is optimized with the Yoast SEO plugin v21.5 - https:\/\/yoast.com\/wordpress\/plugins\/seo\/ -->\n<title>As Quintas - Vaz de Carvalho Wines<\/title>\n<meta name=\"robots\" content=\"index, follow, max-snippet:-1, max-image-preview:large, max-video-preview:-1\" \/>\n<link rel=\"canonical\" href=\"https:\/\/vazdecarvalhowines.com\/site\/as-quintas\/\" \/>\n<meta property=\"og:locale\" content=\"pt_PT\" \/>\n<meta property=\"og:type\" content=\"article\" \/>\n<meta property=\"og:title\" content=\"As Quintas - Vaz de Carvalho Wines\" \/>\n<meta property=\"og:url\" content=\"https:\/\/vazdecarvalhowines.com\/site\/as-quintas\/\" \/>\n<meta property=\"og:site_name\" content=\"Vaz de Carvalho Wines\" \/>\n<meta property=\"article:modified_time\" content=\"2018-01-11T16:12:20+00:00\" \/>\n<meta property=\"og:image\" content=\"https:\/\/vazdecarvalhowines.com\/site\/wp-content\/uploads\/2017\/11\/visitas.jpg\" \/>\n\t<meta property=\"og:image:width\" content=\"1280\" \/>\n\t<meta property=\"og:image:height\" content=\"853\" \/>\n\t<meta property=\"og:image:type\" content=\"image\/jpeg\" \/>\n<meta name=\"twitter:card\" content=\"summary_large_image\" \/>\n<script type=\"application\/ld+json\" class=\"yoast-schema-graph\">{\"@context\":\"https:\/\/schema.org\",\"@graph\":[{\"@type\":\"WebPage\",\"@id\":\"https:\/\/vazdecarvalhowines.com\/site\/as-quintas\/\",\"url\":\"https:\/\/vazdecarvalhowines.com\/site\/as-quintas\/\",\"name\":\"As Quintas - Vaz de Carvalho Wines\",\"isPartOf\":{\"@id\":\"https:\/\/vazdecarvalhowines.com\/site\/?lang=en\/#website\"},\"datePublished\":\"2017-11-15T16:47:18+00:00\",\"dateModified\":\"2018-01-11T16:12:20+00:00\",\"breadcrumb\":{\"@id\":\"https:\/\/vazdecarvalhowines.com\/site\/as-quintas\/#breadcrumb\"},\"inLanguage\":\"pt-PT\",\"potentialAction\":[{\"@type\":\"ReadAction\",\"target\":[\"https:\/\/vazdecarvalhowines.com\/site\/as-quintas\/\"]}]},{\"@type\":\"BreadcrumbList\",\"@id\":\"https:\/\/vazdecarvalhowines.com\/site\/as-quintas\/#breadcrumb\",\"itemListElement\":[{\"@type\":\"ListItem\",\"position\":1,\"name\":\"In\u00edcio\",\"item\":\"https:\/\/vazdecarvalhowines.com\/site\/\"},{\"@type\":\"ListItem\",\"position\":2,\"name\":\"As Quintas\"}]},{\"@type\":\"WebSite\",\"@id\":\"https:\/\/vazdecarvalhowines.com\/site\/?lang=en\/#website\",\"url\":\"https:\/\/vazdecarvalhowines.com\/site\/?lang=en\/\",\"name\":\"Vaz de Carvalho Wines\",\"description\":\"\",\"potentialAction\":[{\"@type\":\"SearchAction\",\"target\":{\"@type\":\"EntryPoint\",\"urlTemplate\":\"https:\/\/vazdecarvalhowines.com\/site\/?lang=en\/?s={search_term_string}\"},\"query-input\":\"required name=search_term_string\"}],\"inLanguage\":\"pt-PT\"}]}<\/script>\n<!-- \/ Yoast SEO plugin. -->","yoast_head_json":{"title":"As Quintas - Vaz de Carvalho Wines","robots":{"index":"index","follow":"follow","max-snippet":"max-snippet:-1","max-image-preview":"max-image-preview:large","max-video-preview":"max-video-preview:-1"},"canonical":"https:\/\/vazdecarvalhowines.com\/site\/as-quintas\/","og_locale":"pt_PT","og_type":"article","og_title":"As Quintas - Vaz de Carvalho Wines","og_url":"https:\/\/vazdecarvalhowines.com\/site\/as-quintas\/","og_site_name":"Vaz de Carvalho Wines","article_modified_time":"2018-01-11T16:12:20+00:00","og_image":[{"width":1280,"height":853,"url":"https:\/\/vazdecarvalhowines.com\/site\/wp-content\/uploads\/2017\/11\/visitas.jpg","type":"image\/jpeg"}],"twitter_card":"summary_large_image","schema":{"@context":"https:\/\/schema.org","@graph":[{"@type":"WebPage","@id":"https:\/\/vazdecarvalhowines.com\/site\/as-quintas\/","url":"https:\/\/vazdecarvalhowines.com\/site\/as-quintas\/","name":"As Quintas - Vaz de Carvalho Wines","isPartOf":{"@id":"https:\/\/vazdecarvalhowines.com\/site\/?lang=en\/#website"},"datePublished":"2017-11-15T16:47:18+00:00","dateModified":"2018-01-11T16:12:20+00:00","breadcrumb":{"@id":"https:\/\/vazdecarvalhowines.com\/site\/as-quintas\/#breadcrumb"},"inLanguage":"pt-PT","potentialAction":[{"@type":"ReadAction","target":["https:\/\/vazdecarvalhowines.com\/site\/as-quintas\/"]}]},{"@type":"BreadcrumbList","@id":"https:\/\/vazdecarvalhowines.com\/site\/as-quintas\/#breadcrumb","itemListElement":[{"@type":"ListItem","position":1,"name":"In\u00edcio","item":"https:\/\/vazdecarvalhowines.com\/site\/"},{"@type":"ListItem","position":2,"name":"As Quintas"}]},{"@type":"WebSite","@id":"https:\/\/vazdecarvalhowines.com\/site\/?lang=en\/#website","url":"https:\/\/vazdecarvalhowines.com\/site\/?lang=en\/","name":"Vaz de Carvalho Wines","description":"","potentialAction":[{"@type":"SearchAction","target":{"@type":"EntryPoint","urlTemplate":"https:\/\/vazdecarvalhowines.com\/site\/?lang=en\/?s={search_term_string}"},"query-input":"required name=search_term_string"}],"inLanguage":"pt-PT"}]}},"_links":{"self":[{"href":"https:\/\/vazdecarvalhowines.com\/site\/wp-json\/wp\/v2\/pages\/180"}],"collection":[{"href":"https:\/\/vazdecarvalhowines.com\/site\/wp-json\/wp\/v2\/pages"}],"about":[{"href":"https:\/\/vazdecarvalhowines.com\/site\/wp-json\/wp\/v2\/types\/page"}],"author":[{"embeddable":true,"href":"https:\/\/vazdecarvalhowines.com\/site\/wp-json\/wp\/v2\/users\/1"}],"replies":[{"embeddable":true,"href":"https:\/\/vazdecarvalhowines.com\/site\/wp-json\/wp\/v2\/comments?post=180"}],"version-history":[{"count":2,"href":"https:\/\/vazdecarvalhowines.com\/site\/wp-json\/wp\/v2\/pages\/180\/revisions"}],"predecessor-version":[{"id":182,"href":"https:\/\/vazdecarvalhowines.com\/site\/wp-json\/wp\/v2\/pages\/180\/revisions\/182"}],"wp:featuredmedia":[{"embeddable":true,"href":"https:\/\/vazdecarvalhowines.com\/site\/wp-json\/wp\/v2\/media\/203"}],"wp:attachment":[{"href":"https:\/\/vazdecarvalhowines.com\/site\/wp-json\/wp\/v2\/media?parent=180"}],"curies":[{"name":"wp","href":"https:\/\/api.w.org\/{rel}","templated":true}]}}